{"id":908,"date":"2017-06-05T17:16:07","date_gmt":"2017-06-05T15:16:07","guid":{"rendered":"https:\/\/feistritzacademy.nl\/harriet\/?page_id=908"},"modified":"2026-03-31T13:59:22","modified_gmt":"2026-03-31T11:59:22","slug":"biografie","status":"publish","type":"page","link":"https:\/\/www.harrietkrijgh.com\/de\/biografie\/","title":{"rendered":"Biografie"},"content":{"rendered":"\n<style type=\"text\/css\" data-created_by=\"avia_inline_auto\" id=\"style-css-av-3aesj-0f9b2b85715a627a301981e9d553391f\">\n.avia-section.av-3aesj-0f9b2b85715a627a301981e9d553391f{\nbackground-repeat:no-repeat;\nbackground-image:url(https:\/\/www.harrietkrijgh.com\/wp-content\/uploads\/2021\/04\/harriet-2021-1.jpg);\nbackground-position:50% 0%;\nbackground-attachment:fixed;\n}\n<\/style>\n<div id='av_section_1'  class='avia-section av-3aesj-0f9b2b85715a627a301981e9d553391f main_color avia-section-default avia-no-shadow  avia-builder-el-0  avia-builder-el-no-sibling  avia-full-stretch avia-bg-style-fixed container_wrap sidebar_right'  data-section-bg-repeat='stretch'><div class='container av-section-cont-open' ><main  role=\"main\" itemprop=\"mainContentOfPage\"  class='template-page content  av-content-small alpha units'><div class='post-entry post-entry-type-page post-entry-908'><div class='entry-content-wrapper clearfix'>\n\n<style type=\"text\/css\" data-created_by=\"avia_inline_auto\" id=\"style-css-av-t4h1n-b3662bc6338e4bc5782b2f413828675a\">\n.flex_column.av-t4h1n-b3662bc6338e4bc5782b2f413828675a{\nborder-radius:0px 0px 0px 0px;\npadding:30px 30px 30px 30px;\nbackground-color:rgba(255,255,255,0.8);\n}\n<\/style>\n<div  class='flex_column av-t4h1n-b3662bc6338e4bc5782b2f413828675a av_three_fourth  avia-builder-el-1  avia-builder-el-no-sibling  first flex_column_div  '     ><p>\n<style type=\"text\/css\" data-created_by=\"avia_inline_auto\" id=\"style-css-av-av_heading-94a7c168c0b91b6685a6cdc62aaccf94\">\n#top .av-special-heading.av-av_heading-94a7c168c0b91b6685a6cdc62aaccf94{\npadding-bottom:10px;\n}\nbody .av-special-heading.av-av_heading-94a7c168c0b91b6685a6cdc62aaccf94 .av-special-heading-tag .heading-char{\nfont-size:25px;\n}\n.av-special-heading.av-av_heading-94a7c168c0b91b6685a6cdc62aaccf94 .av-subheading{\nfont-size:15px;\n}\n<\/style>\n<div  class='av-special-heading av-av_heading-94a7c168c0b91b6685a6cdc62aaccf94 av-special-heading-h1 blockquote modern-quote  avia-builder-el-2  el_before_av_button  avia-builder-el-first '><h1 class='av-special-heading-tag '  itemprop=\"headline\"  >BIOGRAFIE<\/h1><div class=\"special-heading-border\"><div class=\"special-heading-inner-border\"><\/div><\/div><\/div><br \/>\n<div  class='avia-button-wrap av-mnek8z49-d95888486e657f29ffeadd7393452904-wrap avia-button-left  avia-builder-el-3  el_after_av_heading  el_before_av_hr '>\n<style type=\"text\/css\" data-created_by=\"avia_inline_auto\" id=\"style-css-av-mnek8z49-d95888486e657f29ffeadd7393452904\">\n#top #wrap_all .avia-button.av-mnek8z49-d95888486e657f29ffeadd7393452904{\nfont-size:14px;\ntransition:all 0.4s ease-in-out;\n}\n<\/style>\n<a href='https:\/\/www.harrietkrijgh.com\/wp-content\/uploads\/2026\/03\/harriet-krijgh-offizielle-biografie-violoncello-de.pdf'  class='avia-button av-mnek8z49-d95888486e657f29ffeadd7393452904 av-download-btn noLightbox avia-icon_select-yes-right-icon avia-size-small avia-position-left avia-color-theme-color' download  aria-label=\"Biografie herunterladen\"><span class='avia_iconbox_title' >Biografie herunterladen<\/span><span class='avia_button_icon avia_button_icon_right avia-svg-icon avia-font-svg_entypo-fontello' data-av_svg_icon='download' data-av_iconset='svg_entypo-fontello'><svg version=\"1.1\" xmlns=\"http:\/\/www.w3.org\/2000\/svg\" width=\"32\" height=\"32\" viewBox=\"0 0 32 32\" preserveAspectRatio=\"xMidYMid meet\" aria-labelledby='av-svg-title-1' aria-describedby='av-svg-desc-1' role=\"graphics-symbol\">\n<title id='av-svg-title-1'>Download<\/title>\n<desc id='av-svg-desc-1'>Download<\/desc>\n<path d=\"M30.976 20.864q0.576 0.32 0.864 1.024t0.096 1.28l-0.896 4.928q-0.128 0.64-0.704 1.056t-1.28 0.416h-26.112q-0.704 0-1.28-0.416t-0.704-1.056l-0.896-4.928q-0.32-1.536 1.024-2.304l5.056-3.456h3.136l-5.44 4.16h5.696q0.256 0 0.384 0.256l1.28 3.52h9.6l1.28-3.52q0.256-0.256 0.384-0.256h5.696l-5.44-4.16h3.136zM24.32 10.56l-8.32 7.808-8.32-7.808h5.312v-8.192h6.080v8.192h5.248z\"><\/path>\n<\/svg><\/span><\/a><\/div><br \/>\n\n<style type=\"text\/css\" data-created_by=\"avia_inline_auto\" id=\"style-css-av-hiox7-589654b74ccffc0b13efc02b51ddb98a\">\n#top .hr.hr-invisible.av-hiox7-589654b74ccffc0b13efc02b51ddb98a{\nheight:25px;\n}\n<\/style>\n<div  class='hr av-hiox7-589654b74ccffc0b13efc02b51ddb98a hr-invisible  avia-builder-el-4  el_after_av_button  el_before_av_textblock '><span class='hr-inner '><span class=\"hr-inner-style\"><\/span><\/span><\/div><br \/>\n<section  class='av_textblock_section av-qp3f-1d870a2cd40e8540e3e9e0f5819a3dbf '   itemscope=\"itemscope\" itemtype=\"https:\/\/schema.org\/CreativeWork\" ><div class='avia_textblock'  itemprop=\"text\" ><h2>HARRIET KRIJGH, Violoncello<\/h2>\n<\/div><\/section><br \/>\n<section  class='av_textblock_section av-lutr3nif-fa431abd2b8f996c0c78f7eb4675b69b '   itemscope=\"itemscope\" itemtype=\"https:\/\/schema.org\/CreativeWork\" ><div class='avia_textblock'  itemprop=\"text\" ><p>\u201eKrijghs mitrei\u00dfendes, feuriges Temperament, der leidenschaftliche Impuls ihrer Spielweise, der Nuancenreichtum ihrer Farben- und Ausdrucksskala wirkten schlicht begl\u00fcckend\u201c, so beschrieb <em>Die Rheinpfalz<\/em> das Spiel der <strong>niederl\u00e4ndischen Cellistin Harriet Krijgh<\/strong>. Heute z\u00e4hlt sie zu den aufregendsten und ausdrucksst\u00e4rksten K\u00fcnstlerinnen der Gegenwart; ihr kantables Spiel ber\u00fchrt und begeistert Publikum wie Presse gleicherma\u00dfen.<\/p>\n<p><strong>Harriet Krijgh<\/strong> ist sowohl als Solistin mit gro\u00dfen Orchestern als auch als leidenschaftliche Kammermusikerin eine <strong>weltweit gefragte K\u00fcnstlerin<\/strong>. Internationale Konzertreisen f\u00fchren sie regelm\u00e4\u00dfig in die bedeutendsten S\u00e4le Europas, Nordamerikas und Asiens. Sie konzertierte mit renommierten Klangk\u00f6rpern wie dem <strong>Boston Symphony Orchestra<\/strong>, dem Rotterdam Philharmonic Orchestra, den Wiener Symphonikern, dem Deutschen Symphonie-Orchester Berlin, den M\u00fcnchner Philharmonikern, den Bamberger Symphonikern sowie dem <strong>London Philharmonic Orchestra<\/strong>. Weitere Engagements verbanden sie mit der Academy of St Martin in the Fields, dem Orchestre Philharmonique de Radio France, dem Yomiuri Nippon Symphony Orchestra, der Hong Kong Sinfonietta und dem Sydney Symphony Orchestra. Auch bei namhaften Festivals wie dem Heidelberger Fr\u00fchling, dem Grafenegg Festival und der Schubertiade Hohenems ist sie ein gern gesehener Gast. Als <strong>\u201ePreistr\u00e4gerin in Residence\u201c<\/strong> pr\u00e4gte sie 2019 in rund 25 Konzerten den Festspielsommer der <a href=\"https:\/\/festspiele-mv.de\/\" target=\"_blank\" rel=\"noopener\">Festspiele Mecklenburg-Vorpommern<\/a>.<\/p>\n<p>Ihre tiefe Liebe zur Kammermusik f\u00fchrte sie im Fr\u00fchjahr 2019 zum renommierten <strong>Artemis Quartett<\/strong>, dem sie bis 2021 angeh\u00f6rte und mit dem sie auf den wichtigsten B\u00fchnen weltweit gastierte. Zuvor \u00fcbernahm sie bereits in den Jahren 2017 und 2018 von Janine Jansen die <strong>k\u00fcnstlerische Leitung des Internationalen Kammermusikfestivals in Utrecht<\/strong>. Ein besonderes Herzensprojekt ist ihr eigenes Festival \u201e<a href=\"https:\/\/harrietandfriends.at\/\" target=\"_blank\" rel=\"noopener\">harriet&amp;friends<\/a>\u201c auf Burg Feistritz in Nieder\u00f6sterreich, das im Sommer 2026 bereits sein f\u00fcnfzehnj\u00e4hriges Bestehen feiert.<\/p>\n<p>Ihre Diskografie ist ebenso vielseitig wie umfangreich. Nach einer langj\u00e4hrigen und intensiven Zusammenarbeit mit dem Label Capriccio, f\u00fcr das sie zahlreiche CDs \u2013 darunter die Cellokonzerte von Kabalewski, Haydn, Brahms und Mikl\u00f3s R\u00f3zsa \u2013 einspielte, war sie Exklusivk\u00fcnstlerin bei <strong>Deutsche Grammophon<\/strong> (u. a. \u201eSilent Dreams\u201c und Vivaldi). Aktuell setzt <strong>Harriet Krijgh<\/strong> ihre erfolgreiche Aufnahmet\u00e4tigkeit wieder bei Capriccio fort. In dieser Zusammenarbeit erschien auch ihre Aufnahme der Cellokonzerte von Elgar und Dvo\u0159\u00e1k, eingespielt mit dem Tonk\u00fcnstler-Orchester Nieder\u00f6sterreich unter der Leitung von Martin Sieghart.<\/p>\n<p>Neben ihrer Konzertt\u00e4tigkeit widmet sich <strong>Harriet Krijgh<\/strong> leidenschaftlich der p\u00e4dagogischen Arbeit. Von 2023 bis 2025 lehrte sie an der Hochschule f\u00fcr Musik, Theater und Medien Hannover im innovativen <strong>\u201eMaestri Master Cello\u201c<\/strong> Team-Teaching-Programm. Dar\u00fcber hinaus gibt sie regelm\u00e4\u00dfig internationale Meisterkurse, um ihr Wissen an die n\u00e4chste Generation weiterzugeben.<\/p>\n<p><strong>Harriet Krijgh<\/strong> ist Preistr\u00e4gerin zahlreicher internationaler Wettbewerbe; so gewann sie unter anderem den <strong>Ersten Preis<\/strong> sowie den <strong>Publikumspreis<\/strong> bei der Cello Biennale Amsterdam. In der Saison 2015\/2016 war sie zudem <strong>\u201eRising Star\u201c (ECHO)<\/strong>.<\/p>\n<p>Sie spielt auf einem von <strong>Domenico Montagnana (1723)<\/strong> in Venedig gebauten Cello mit einer Stradivarius-Schnecke, welches ihr von der Angelika Prokopp Privatstiftung zur Verf\u00fcgung gestellt wird.<\/p>\n<\/div><\/section><\/p><\/div><\/div><\/div><\/main><!-- close content main element --><\/div><\/div><div id='after_section_1'  class='main_color av_default_container_wrap container_wrap sidebar_right'  ><div class='container av-section-cont-open' ><div class='template-page content  av-content-small alpha units'><div class='post-entry post-entry-type-page post-entry-908'><div class='entry-content-wrapper clearfix'>\n","protected":false},"excerpt":{"rendered":"","protected":false},"author":1,"featured_media":0,"parent":0,"menu_order":0,"comment_status":"closed","ping_status":"closed","template":"","meta":{"footnotes":""},"class_list":["post-908","page","type-page","status-publish","hentry"],"yoast_head":"<!-- This site is optimized with the Yoast SEO plugin v27.4 - https:\/\/yoast.com\/product\/yoast-seo-wordpress\/ -->\n<title>Biografie - HARRIET KRIJGH<\/title>\n<meta name=\"robots\" content=\"index, follow, max-snippet:-1, max-image-preview:large, max-video-preview:-1\" \/>\n<link rel=\"canonical\" href=\"https:\/\/www.harrietkrijgh.com\/de\/biografie\/\" \/>\n<meta property=\"og:locale\" content=\"de_DE\" \/>\n<meta property=\"og:type\" content=\"article\" \/>\n<meta property=\"og:title\" content=\"Biografie - HARRIET KRIJGH\" \/>\n<meta property=\"og:url\" content=\"https:\/\/www.harrietkrijgh.com\/de\/biografie\/\" \/>\n<meta property=\"og:site_name\" content=\"HARRIET KRIJGH\" \/>\n<meta property=\"article:modified_time\" content=\"2026-03-31T11:59:22+00:00\" \/>\n<meta name=\"twitter:card\" content=\"summary_large_image\" \/>\n<meta name=\"twitter:label1\" content=\"Gesch\u00e4tzte Lesezeit\" \/>\n\t<meta name=\"twitter:data1\" content=\"2\u00a0Minuten\" \/>\n<script type=\"application\/ld+json\" class=\"yoast-schema-graph\">{\"@context\":\"https:\\\/\\\/schema.org\",\"@graph\":[{\"@type\":\"WebPage\",\"@id\":\"https:\\\/\\\/www.harrietkrijgh.com\\\/de\\\/biografie\\\/\",\"url\":\"https:\\\/\\\/www.harrietkrijgh.com\\\/de\\\/biografie\\\/\",\"name\":\"Biografie - HARRIET KRIJGH\",\"isPartOf\":{\"@id\":\"https:\\\/\\\/www.harrietkrijgh.com\\\/#website\"},\"datePublished\":\"2017-06-05T15:16:07+00:00\",\"dateModified\":\"2026-03-31T11:59:22+00:00\",\"breadcrumb\":{\"@id\":\"https:\\\/\\\/www.harrietkrijgh.com\\\/de\\\/biografie\\\/#breadcrumb\"},\"inLanguage\":\"de\",\"potentialAction\":[{\"@type\":\"ReadAction\",\"target\":[\"https:\\\/\\\/www.harrietkrijgh.com\\\/de\\\/biografie\\\/\"]}]},{\"@type\":\"BreadcrumbList\",\"@id\":\"https:\\\/\\\/www.harrietkrijgh.com\\\/de\\\/biografie\\\/#breadcrumb\",\"itemListElement\":[{\"@type\":\"ListItem\",\"position\":1,\"name\":\"Home\",\"item\":\"https:\\\/\\\/www.harrietkrijgh.com\\\/de\\\/startseite-2\\\/\"},{\"@type\":\"ListItem\",\"position\":2,\"name\":\"Biografie\"}]},{\"@type\":\"WebSite\",\"@id\":\"https:\\\/\\\/www.harrietkrijgh.com\\\/#website\",\"url\":\"https:\\\/\\\/www.harrietkrijgh.com\\\/\",\"name\":\"HARRIET KRIJGH\",\"description\":\"Official website of Dutch cellist Harriet Krijgh\",\"publisher\":{\"@id\":\"https:\\\/\\\/www.harrietkrijgh.com\\\/#\\\/schema\\\/person\\\/84d56c57a2edd4cea9872322416dfef4\"},\"potentialAction\":[{\"@type\":\"SearchAction\",\"target\":{\"@type\":\"EntryPoint\",\"urlTemplate\":\"https:\\\/\\\/www.harrietkrijgh.com\\\/?s={search_term_string}\"},\"query-input\":{\"@type\":\"PropertyValueSpecification\",\"valueRequired\":true,\"valueName\":\"search_term_string\"}}],\"inLanguage\":\"de\"},{\"@type\":[\"Person\",\"Organization\"],\"@id\":\"https:\\\/\\\/www.harrietkrijgh.com\\\/#\\\/schema\\\/person\\\/84d56c57a2edd4cea9872322416dfef4\",\"name\":\"Harriet Krijgh\",\"image\":{\"@type\":\"ImageObject\",\"inLanguage\":\"de\",\"@id\":\"https:\\\/\\\/secure.gravatar.com\\\/avatar\\\/b471d03d2c7edca7bf763c2a9fe78be82ad94664b8466cdbc7677a029a623be4?s=96&d=mm&r=g\",\"url\":\"https:\\\/\\\/secure.gravatar.com\\\/avatar\\\/b471d03d2c7edca7bf763c2a9fe78be82ad94664b8466cdbc7677a029a623be4?s=96&d=mm&r=g\",\"contentUrl\":\"https:\\\/\\\/secure.gravatar.com\\\/avatar\\\/b471d03d2c7edca7bf763c2a9fe78be82ad94664b8466cdbc7677a029a623be4?s=96&d=mm&r=g\",\"caption\":\"Harriet Krijgh\"},\"logo\":{\"@id\":\"https:\\\/\\\/secure.gravatar.com\\\/avatar\\\/b471d03d2c7edca7bf763c2a9fe78be82ad94664b8466cdbc7677a029a623be4?s=96&d=mm&r=g\"}}]}<\/script>\n<!-- \/ Yoast SEO plugin. -->","yoast_head_json":{"title":"Biografie - HARRIET KRIJGH","robots":{"index":"index","follow":"follow","max-snippet":"max-snippet:-1","max-image-preview":"max-image-preview:large","max-video-preview":"max-video-preview:-1"},"canonical":"https:\/\/www.harrietkrijgh.com\/de\/biografie\/","og_locale":"de_DE","og_type":"article","og_title":"Biografie - HARRIET KRIJGH","og_url":"https:\/\/www.harrietkrijgh.com\/de\/biografie\/","og_site_name":"HARRIET KRIJGH","article_modified_time":"2026-03-31T11:59:22+00:00","twitter_card":"summary_large_image","twitter_misc":{"Gesch\u00e4tzte Lesezeit":"2\u00a0Minuten"},"schema":{"@context":"https:\/\/schema.org","@graph":[{"@type":"WebPage","@id":"https:\/\/www.harrietkrijgh.com\/de\/biografie\/","url":"https:\/\/www.harrietkrijgh.com\/de\/biografie\/","name":"Biografie - HARRIET KRIJGH","isPartOf":{"@id":"https:\/\/www.harrietkrijgh.com\/#website"},"datePublished":"2017-06-05T15:16:07+00:00","dateModified":"2026-03-31T11:59:22+00:00","breadcrumb":{"@id":"https:\/\/www.harrietkrijgh.com\/de\/biografie\/#breadcrumb"},"inLanguage":"de","potentialAction":[{"@type":"ReadAction","target":["https:\/\/www.harrietkrijgh.com\/de\/biografie\/"]}]},{"@type":"BreadcrumbList","@id":"https:\/\/www.harrietkrijgh.com\/de\/biografie\/#breadcrumb","itemListElement":[{"@type":"ListItem","position":1,"name":"Home","item":"https:\/\/www.harrietkrijgh.com\/de\/startseite-2\/"},{"@type":"ListItem","position":2,"name":"Biografie"}]},{"@type":"WebSite","@id":"https:\/\/www.harrietkrijgh.com\/#website","url":"https:\/\/www.harrietkrijgh.com\/","name":"HARRIET KRIJGH","description":"Official website of Dutch cellist Harriet Krijgh","publisher":{"@id":"https:\/\/www.harrietkrijgh.com\/#\/schema\/person\/84d56c57a2edd4cea9872322416dfef4"},"potentialAction":[{"@type":"SearchAction","target":{"@type":"EntryPoint","urlTemplate":"https:\/\/www.harrietkrijgh.com\/?s={search_term_string}"},"query-input":{"@type":"PropertyValueSpecification","valueRequired":true,"valueName":"search_term_string"}}],"inLanguage":"de"},{"@type":["Person","Organization"],"@id":"https:\/\/www.harrietkrijgh.com\/#\/schema\/person\/84d56c57a2edd4cea9872322416dfef4","name":"Harriet Krijgh","image":{"@type":"ImageObject","inLanguage":"de","@id":"https:\/\/secure.gravatar.com\/avatar\/b471d03d2c7edca7bf763c2a9fe78be82ad94664b8466cdbc7677a029a623be4?s=96&d=mm&r=g","url":"https:\/\/secure.gravatar.com\/avatar\/b471d03d2c7edca7bf763c2a9fe78be82ad94664b8466cdbc7677a029a623be4?s=96&d=mm&r=g","contentUrl":"https:\/\/secure.gravatar.com\/avatar\/b471d03d2c7edca7bf763c2a9fe78be82ad94664b8466cdbc7677a029a623be4?s=96&d=mm&r=g","caption":"Harriet Krijgh"},"logo":{"@id":"https:\/\/secure.gravatar.com\/avatar\/b471d03d2c7edca7bf763c2a9fe78be82ad94664b8466cdbc7677a029a623be4?s=96&d=mm&r=g"}}]}},"_links":{"self":[{"href":"https:\/\/www.harrietkrijgh.com\/de\/wp-json\/wp\/v2\/pages\/908","targetHints":{"allow":["GET"]}}],"collection":[{"href":"https:\/\/www.harrietkrijgh.com\/de\/wp-json\/wp\/v2\/pages"}],"about":[{"href":"https:\/\/www.harrietkrijgh.com\/de\/wp-json\/wp\/v2\/types\/page"}],"author":[{"embeddable":true,"href":"https:\/\/www.harrietkrijgh.com\/de\/wp-json\/wp\/v2\/users\/1"}],"replies":[{"embeddable":true,"href":"https:\/\/www.harrietkrijgh.com\/de\/wp-json\/wp\/v2\/comments?post=908"}],"version-history":[{"count":33,"href":"https:\/\/www.harrietkrijgh.com\/de\/wp-json\/wp\/v2\/pages\/908\/revisions"}],"predecessor-version":[{"id":8140,"href":"https:\/\/www.harrietkrijgh.com\/de\/wp-json\/wp\/v2\/pages\/908\/revisions\/8140"}],"wp:attachment":[{"href":"https:\/\/www.harrietkrijgh.com\/de\/wp-json\/wp\/v2\/media?parent=908"}],"curies":[{"name":"wp","href":"https:\/\/api.w.org\/{rel}","templated":true}]}}